{"id":11,"date":"2025-10-17T01:51:21","date_gmt":"2025-10-17T01:51:21","guid":{"rendered":"https:\/\/sercovier.ca\/pepiniere\/?page_id=11"},"modified":"2026-03-27T03:56:43","modified_gmt":"2026-03-27T03:56:43","slug":"home","status":"publish","type":"page","link":"https:\/\/sercovier.ca\/pepiniere\/","title":{"rendered":"Accueil"},"content":{"rendered":"\t\t<div data-elementor-type=\"wp-page\" data-elementor-id=\"11\" class=\"elementor elementor-11\" data-elementor-post-type=\"page\">\n\t\t\t\t<div class=\"elementor-element elementor-element-f0f42d7 e-flex e-con-boxed e-con e-parent\" data-id=\"f0f42d7\" data-element_type=\"container\" data-settings=\"{&quot;background_background&quot;:&quot;classic&quot;}\">\n\t\t\t\t\t<div class=\"e-con-inner\">\n\t\t<div class=\"elementor-element elementor-element-5c6485e e-con-full e-flex e-con e-child\" data-id=\"5c6485e\" data-element_type=\"container\">\n\t\t\t\t<div class=\"elementor-element elementor-element-1a25482 elementor-widget elementor-widget-heading\" data-id=\"1a25482\" data-element_type=\"widget\" data-widget_type=\"heading.default\">\n\t\t\t\t\t<h2 class=\"elementor-heading-title elementor-size-default\">Notre p\u00e9pini\u00e8re, au c\u0153ur de votre jardin<\/h2>\t\t\t\t<\/div>\n\t\t\t\t<div class=\"elementor-element elementor-element-554220c elementor-widget elementor-widget-heading\" data-id=\"554220c\" data-element_type=\"widget\" data-widget_type=\"heading.default\">\n\t\t\t\t\t<p class=\"elementor-heading-title elementor-size-default\">Des plantes soigneusement cultiv\u00e9es ici, pour cr\u00e9er des espaces verts durables, beaux et adapt\u00e9s \u00e0 notre climat.<\/p>\t\t\t\t<\/div>\n\t\t\t\t<\/div>\n\t\t<div class=\"elementor-element elementor-element-90aede7 e-con-full e-flex e-con e-child\" data-id=\"90aede7\" data-element_type=\"container\">\n\t\t\t\t<div class=\"elementor-element elementor-element-9cde3dc elementor-widget elementor-widget-image\" data-id=\"9cde3dc\" data-element_type=\"widget\" data-widget_type=\"image.default\">\n\t\t\t\t\t\t\t\t\t\t\t\t\t\t\t<img fetchpriority=\"high\" decoding=\"async\" width=\"1024\" height=\"682\" src=\"https:\/\/sercovier.ca\/pepiniere\/wp-content\/uploads\/2025\/12\/GreenhouseApril-13-scaled-1-1024x682.webp\" class=\"attachment-large size-large wp-image-268\" alt=\"\" srcset=\"https:\/\/sercovier.ca\/pepiniere\/wp-content\/uploads\/2025\/12\/GreenhouseApril-13-scaled-1-1024x682.webp 1024w, https:\/\/sercovier.ca\/pepiniere\/wp-content\/uploads\/2025\/12\/GreenhouseApril-13-scaled-1-300x200.webp 300w, https:\/\/sercovier.ca\/pepiniere\/wp-content\/uploads\/2025\/12\/GreenhouseApril-13-scaled-1-768x512.webp 768w, https:\/\/sercovier.ca\/pepiniere\/wp-content\/uploads\/2025\/12\/GreenhouseApril-13-scaled-1-1536x1024.webp 1536w, https:\/\/sercovier.ca\/pepiniere\/wp-content\/uploads\/2025\/12\/GreenhouseApril-13-scaled-1-2048x1365.webp 2048w, https:\/\/sercovier.ca\/pepiniere\/wp-content\/uploads\/2025\/12\/GreenhouseApril-13-scaled-1-600x400.webp 600w\" sizes=\"(max-width: 1024px) 100vw, 1024px\" \/>\t\t\t\t\t\t\t\t\t\t\t\t\t\t\t<\/div>\n\t\t\t\t<\/div>\n\t\t\t\t\t<\/div>\n\t\t\t\t<\/div>\n\t\t<div class=\"elementor-element elementor-element-1278384 e-flex e-con-boxed e-con e-parent\" data-id=\"1278384\" data-element_type=\"container\" data-settings=\"{&quot;background_background&quot;:&quot;classic&quot;}\">\n\t\t\t\t\t<div class=\"e-con-inner\">\n\t\t\t\t<div class=\"elementor-element elementor-element-8997989 elementor-widget elementor-widget-heading\" data-id=\"8997989\" data-element_type=\"widget\" data-widget_type=\"heading.default\">\n\t\t\t\t\t<h2 class=\"elementor-heading-title elementor-size-default\">Venez nous voir!\n<\/h2>\t\t\t\t<\/div>\n\t\t\t\t<div class=\"elementor-element elementor-element-1647710 elementor-shape-rounded elementor-grid-0 e-grid-align-center elementor-widget elementor-widget-social-icons\" data-id=\"1647710\" data-element_type=\"widget\" data-widget_type=\"social-icons.default\">\n\t\t\t\t\t\t\t<div class=\"elementor-social-icons-wrapper elementor-grid\">\n\t\t\t\t\t\t\t<span class=\"elementor-grid-item\">\n\t\t\t\t\t<a class=\"elementor-icon elementor-social-icon elementor-social-icon-facebook elementor-repeater-item-7598d62\" href=\"https:\/\/www.facebook.com\/people\/%C3%89rabli%C3%A8re-Sercovier\/61567220903204\/#\" target=\"_blank\">\n\t\t\t\t\t\t<span class=\"elementor-screen-only\">Facebook<\/span>\n\t\t\t\t\t\t<svg aria-hidden=\"true\" class=\"e-font-icon-svg e-fab-facebook\" viewBox=\"0 0 512 512\" xmlns=\"http:\/\/www.w3.org\/2000\/svg\"><path d=\"M504 256C504 119 393 8 256 8S8 119 8 256c0 123.78 90.69 226.38 209.25 245V327.69h-63V256h63v-54.64c0-62.15 37-96.48 93.67-96.48 27.14 0 55.52 4.84 55.52 4.84v61h-31.28c-30.8 0-40.41 19.12-40.41 38.73V256h68.78l-11 71.69h-57.78V501C413.31 482.38 504 379.78 504 256z\"><\/path><\/svg>\t\t\t\t\t<\/a>\n\t\t\t\t<\/span>\n\t\t\t\t\t<\/div>\n\t\t\t\t\t\t<\/div>\n\t\t\t\t\t<\/div>\n\t\t\t\t<\/div>\n\t\t<div class=\"elementor-element elementor-element-f18cfc3 e-con-full e-flex e-con e-parent\" data-id=\"f18cfc3\" data-element_type=\"container\">\n\t\t<div class=\"elementor-element elementor-element-e090b22 e-con-full over-hidden-img e-flex e-con e-child\" data-id=\"e090b22\" data-element_type=\"container\">\n\t\t\t\t<div class=\"elementor-element elementor-element-c89aaf7 elementor-widget elementor-widget-image\" data-id=\"c89aaf7\" data-element_type=\"widget\" data-widget_type=\"image.default\">\n\t\t\t\t\t\t\t\t\t\t\t\t\t\t\t\t<a href=\"#\">\n\t\t\t\t\t\t\t<img decoding=\"async\" width=\"1024\" height=\"684\" src=\"https:\/\/sercovier.ca\/pepiniere\/wp-content\/uploads\/2025\/12\/20239436-rows-of-young-trees-at-a-plant-nursery-in-montana-1024x684.jpg\" class=\"elementor-animation-grow attachment-large size-large wp-image-274\" alt=\"\" srcset=\"https:\/\/sercovier.ca\/pepiniere\/wp-content\/uploads\/2025\/12\/20239436-rows-of-young-trees-at-a-plant-nursery-in-montana-1024x684.jpg 1024w, https:\/\/sercovier.ca\/pepiniere\/wp-content\/uploads\/2025\/12\/20239436-rows-of-young-trees-at-a-plant-nursery-in-montana-300x200.jpg 300w, https:\/\/sercovier.ca\/pepiniere\/wp-content\/uploads\/2025\/12\/20239436-rows-of-young-trees-at-a-plant-nursery-in-montana-768x513.jpg 768w, https:\/\/sercovier.ca\/pepiniere\/wp-content\/uploads\/2025\/12\/20239436-rows-of-young-trees-at-a-plant-nursery-in-montana-600x401.jpg 600w, https:\/\/sercovier.ca\/pepiniere\/wp-content\/uploads\/2025\/12\/20239436-rows-of-young-trees-at-a-plant-nursery-in-montana.jpg 1300w\" sizes=\"(max-width: 1024px) 100vw, 1024px\" \/>\t\t\t\t\t\t\t\t<\/a>\n\t\t\t\t\t\t\t\t\t\t\t\t\t\t\t<\/div>\n\t\t\t\t<\/div>\n\t\t<div class=\"elementor-element elementor-element-df34b5b e-con-full over-hidden-img e-flex e-con e-child\" data-id=\"df34b5b\" data-element_type=\"container\">\n\t\t\t\t<div class=\"elementor-element elementor-element-136dacb elementor-widget elementor-widget-image\" data-id=\"136dacb\" data-element_type=\"widget\" data-widget_type=\"image.default\">\n\t\t\t\t\t\t\t\t\t\t\t\t\t\t\t\t<a href=\"#\">\n\t\t\t\t\t\t\t<img decoding=\"async\" width=\"1024\" height=\"682\" src=\"https:\/\/sercovier.ca\/pepiniere\/wp-content\/uploads\/2025\/12\/GreenhouseApril-13-scaled-1-1024x682.webp\" class=\"elementor-animation-grow attachment-large size-large wp-image-268\" alt=\"\" srcset=\"https:\/\/sercovier.ca\/pepiniere\/wp-content\/uploads\/2025\/12\/GreenhouseApril-13-scaled-1-1024x682.webp 1024w, https:\/\/sercovier.ca\/pepiniere\/wp-content\/uploads\/2025\/12\/GreenhouseApril-13-scaled-1-300x200.webp 300w, https:\/\/sercovier.ca\/pepiniere\/wp-content\/uploads\/2025\/12\/GreenhouseApril-13-scaled-1-768x512.webp 768w, https:\/\/sercovier.ca\/pepiniere\/wp-content\/uploads\/2025\/12\/GreenhouseApril-13-scaled-1-1536x1024.webp 1536w, https:\/\/sercovier.ca\/pepiniere\/wp-content\/uploads\/2025\/12\/GreenhouseApril-13-scaled-1-2048x1365.webp 2048w, https:\/\/sercovier.ca\/pepiniere\/wp-content\/uploads\/2025\/12\/GreenhouseApril-13-scaled-1-600x400.webp 600w\" sizes=\"(max-width: 1024px) 100vw, 1024px\" \/>\t\t\t\t\t\t\t\t<\/a>\n\t\t\t\t\t\t\t\t\t\t\t\t\t\t\t<\/div>\n\t\t\t\t<\/div>\n\t\t<div class=\"elementor-element elementor-element-9912a8e e-con-full over-hidden-img e-flex e-con e-child\" data-id=\"9912a8e\" data-element_type=\"container\">\n\t\t\t\t<div class=\"elementor-element elementor-element-303de38 elementor-widget elementor-widget-image\" data-id=\"303de38\" data-element_type=\"widget\" data-widget_type=\"image.default\">\n\t\t\t\t\t\t\t\t\t\t\t\t\t\t\t\t<a href=\"#\">\n\t\t\t\t\t\t\t<img loading=\"lazy\" decoding=\"async\" width=\"454\" height=\"806\" src=\"https:\/\/sercovier.ca\/pepiniere\/wp-content\/uploads\/2025\/12\/pepiniere-hero-mobile-min.jpg\" class=\"elementor-animation-grow attachment-large size-large wp-image-267\" alt=\"\" srcset=\"https:\/\/sercovier.ca\/pepiniere\/wp-content\/uploads\/2025\/12\/pepiniere-hero-mobile-min.jpg 454w, https:\/\/sercovier.ca\/pepiniere\/wp-content\/uploads\/2025\/12\/pepiniere-hero-mobile-min-169x300.jpg 169w\" sizes=\"(max-width: 454px) 100vw, 454px\" \/>\t\t\t\t\t\t\t\t<\/a>\n\t\t\t\t\t\t\t\t\t\t\t\t\t\t\t<\/div>\n\t\t\t\t<\/div>\n\t\t\t\t<\/div>\n\t\t<div class=\"elementor-element elementor-element-b00ea65 e-con-full e-flex e-con e-parent\" data-id=\"b00ea65\" data-element_type=\"container\">\n\t\t<div class=\"elementor-element elementor-element-1643716 e-con-full over-hidden-img e-flex e-con e-child\" data-id=\"1643716\" data-element_type=\"container\">\n\t\t\t\t<div class=\"elementor-element elementor-element-404e29c elementor-widget elementor-widget-image\" data-id=\"404e29c\" data-element_type=\"widget\" data-widget_type=\"image.default\">\n\t\t\t\t\t\t\t\t\t\t\t\t\t\t\t\t<a href=\"#\">\n\t\t\t\t\t\t\t<img decoding=\"async\" width=\"1024\" height=\"684\" src=\"https:\/\/sercovier.ca\/pepiniere\/wp-content\/uploads\/2025\/12\/20239436-rows-of-young-trees-at-a-plant-nursery-in-montana-1024x684.jpg\" class=\"elementor-animation-grow attachment-large size-large wp-image-274\" alt=\"\" srcset=\"https:\/\/sercovier.ca\/pepiniere\/wp-content\/uploads\/2025\/12\/20239436-rows-of-young-trees-at-a-plant-nursery-in-montana-1024x684.jpg 1024w, https:\/\/sercovier.ca\/pepiniere\/wp-content\/uploads\/2025\/12\/20239436-rows-of-young-trees-at-a-plant-nursery-in-montana-300x200.jpg 300w, https:\/\/sercovier.ca\/pepiniere\/wp-content\/uploads\/2025\/12\/20239436-rows-of-young-trees-at-a-plant-nursery-in-montana-768x513.jpg 768w, https:\/\/sercovier.ca\/pepiniere\/wp-content\/uploads\/2025\/12\/20239436-rows-of-young-trees-at-a-plant-nursery-in-montana-600x401.jpg 600w, https:\/\/sercovier.ca\/pepiniere\/wp-content\/uploads\/2025\/12\/20239436-rows-of-young-trees-at-a-plant-nursery-in-montana.jpg 1300w\" sizes=\"(max-width: 1024px) 100vw, 1024px\" \/>\t\t\t\t\t\t\t\t<\/a>\n\t\t\t\t\t\t\t\t\t\t\t\t\t\t\t<\/div>\n\t\t\t\t<\/div>\n\t\t<div class=\"elementor-element elementor-element-989edb9 e-con-full over-hidden-img e-flex e-con e-child\" data-id=\"989edb9\" data-element_type=\"container\">\n\t\t\t\t<div class=\"elementor-element elementor-element-7878474 elementor-widget elementor-widget-image\" data-id=\"7878474\" data-element_type=\"widget\" data-widget_type=\"image.default\">\n\t\t\t\t\t\t\t\t\t\t\t\t\t\t\t\t<a href=\"#\">\n\t\t\t\t\t\t\t<img decoding=\"async\" width=\"1024\" height=\"682\" src=\"https:\/\/sercovier.ca\/pepiniere\/wp-content\/uploads\/2025\/12\/GreenhouseApril-13-scaled-1-1024x682.webp\" class=\"elementor-animation-grow attachment-large size-large wp-image-268\" alt=\"\" srcset=\"https:\/\/sercovier.ca\/pepiniere\/wp-content\/uploads\/2025\/12\/GreenhouseApril-13-scaled-1-1024x682.webp 1024w, https:\/\/sercovier.ca\/pepiniere\/wp-content\/uploads\/2025\/12\/GreenhouseApril-13-scaled-1-300x200.webp 300w, https:\/\/sercovier.ca\/pepiniere\/wp-content\/uploads\/2025\/12\/GreenhouseApril-13-scaled-1-768x512.webp 768w, https:\/\/sercovier.ca\/pepiniere\/wp-content\/uploads\/2025\/12\/GreenhouseApril-13-scaled-1-1536x1024.webp 1536w, https:\/\/sercovier.ca\/pepiniere\/wp-content\/uploads\/2025\/12\/GreenhouseApril-13-scaled-1-2048x1365.webp 2048w, https:\/\/sercovier.ca\/pepiniere\/wp-content\/uploads\/2025\/12\/GreenhouseApril-13-scaled-1-600x400.webp 600w\" sizes=\"(max-width: 1024px) 100vw, 1024px\" \/>\t\t\t\t\t\t\t\t<\/a>\n\t\t\t\t\t\t\t\t\t\t\t\t\t\t\t<\/div>\n\t\t\t\t<\/div>\n\t\t<div class=\"elementor-element elementor-element-5408396 e-con-full over-hidden-img e-flex e-con e-child\" data-id=\"5408396\" data-element_type=\"container\">\n\t\t\t\t<div class=\"elementor-element elementor-element-4c1f22c elementor-widget elementor-widget-image\" data-id=\"4c1f22c\" data-element_type=\"widget\" data-widget_type=\"image.default\">\n\t\t\t\t\t\t\t\t\t\t\t\t\t\t\t\t<a href=\"#\">\n\t\t\t\t\t\t\t<img loading=\"lazy\" decoding=\"async\" width=\"454\" height=\"806\" src=\"https:\/\/sercovier.ca\/pepiniere\/wp-content\/uploads\/2025\/12\/pepiniere-hero-mobile-min.jpg\" class=\"elementor-animation-grow attachment-large size-large wp-image-267\" alt=\"\" srcset=\"https:\/\/sercovier.ca\/pepiniere\/wp-content\/uploads\/2025\/12\/pepiniere-hero-mobile-min.jpg 454w, https:\/\/sercovier.ca\/pepiniere\/wp-content\/uploads\/2025\/12\/pepiniere-hero-mobile-min-169x300.jpg 169w\" sizes=\"(max-width: 454px) 100vw, 454px\" \/>\t\t\t\t\t\t\t\t<\/a>\n\t\t\t\t\t\t\t\t\t\t\t\t\t\t\t<\/div>\n\t\t\t\t<\/div>\n\t\t\t\t<\/div>\n\t\t\t\t<\/div>\n\t\t","protected":false},"excerpt":{"rendered":"","protected":false},"author":1,"featured_media":0,"parent":0,"menu_order":1,"comment_status":"closed","ping_status":"closed","template":"","meta":{"site-sidebar-layout":"no-sidebar","site-content-layout":"","ast-site-content-layout":"full-width-container","site-content-style":"default","site-sidebar-style":"default","ast-global-header-display":"","ast-banner-title-visibility":"","ast-main-header-display":"","ast-hfb-above-header-display":"","ast-hfb-below-header-display":"","ast-hfb-mobile-header-display":"","site-post-title":"disabled","ast-breadcrumbs-content":"","ast-featured-img":"disabled","footer-sml-layout":"","theme-transparent-header-meta":"","adv-header-id-meta":"","stick-header-meta":"","header-above-stick-meta":"","header-main-stick-meta":"","header-below-stick-meta":"","astra-migrate-meta-layouts":"default","ast-page-background-enabled":"default","ast-page-background-meta":{"desktop":{"background-color":"var(--ast-global-color-5)","background-image":"","background-repeat":"repeat","background-position":"center center","background-size":"auto","background-attachment":"scroll","background-type":"","background-media":"","overlay-type":"","overlay-color":"","overlay-opacity":"","overlay-gradient":""},"tablet":{"background-color":"","background-image":"","background-repeat":"repeat","background-position":"center center","background-size":"auto","background-attachment":"scroll","background-type":"","background-media":"","overlay-type":"","overlay-color":"","overlay-opacity":"","overlay-gradient":""},"mobile":{"background-color":"","background-image":"","background-repeat":"repeat","background-position":"center center","background-size":"auto","background-attachment":"scroll","background-type":"","background-media":"","overlay-type":"","overlay-color":"","overlay-opacity":"","overlay-gradient":""}},"ast-content-background-meta":{"desktop":{"background-color":"var(--ast-global-color-4)","background-image":"","background-repeat":"repeat","background-position":"center center","background-size":"auto","background-attachment":"scroll","background-type":"","background-media":"","overlay-type":"","overlay-color":"","overlay-opacity":"","overlay-gradient":""},"tablet":{"background-color":"var(--ast-global-color-4)","background-image":"","background-repeat":"repeat","background-position":"center center","background-size":"auto","background-attachment":"scroll","background-type":"","background-media":"","overlay-type":"","overlay-color":"","overlay-opacity":"","overlay-gradient":""},"mobile":{"background-color":"var(--ast-global-color-4)","background-image":"","background-repeat":"repeat","background-position":"center center","background-size":"auto","background-attachment":"scroll","background-type":"","background-media":"","overlay-type":"","overlay-color":"","overlay-opacity":"","overlay-gradient":""}},"footnotes":""},"class_list":["post-11","page","type-page","status-publish","hentry"],"_links":{"self":[{"href":"https:\/\/sercovier.ca\/pepiniere\/wp-json\/wp\/v2\/pages\/11","targetHints":{"allow":["GET"]}}],"collection":[{"href":"https:\/\/sercovier.ca\/pepiniere\/wp-json\/wp\/v2\/pages"}],"about":[{"href":"https:\/\/sercovier.ca\/pepiniere\/wp-json\/wp\/v2\/types\/page"}],"author":[{"embeddable":true,"href":"https:\/\/sercovier.ca\/pepiniere\/wp-json\/wp\/v2\/users\/1"}],"replies":[{"embeddable":true,"href":"https:\/\/sercovier.ca\/pepiniere\/wp-json\/wp\/v2\/comments?post=11"}],"version-history":[{"count":54,"href":"https:\/\/sercovier.ca\/pepiniere\/wp-json\/wp\/v2\/pages\/11\/revisions"}],"predecessor-version":[{"id":327,"href":"https:\/\/sercovier.ca\/pepiniere\/wp-json\/wp\/v2\/pages\/11\/revisions\/327"}],"wp:attachment":[{"href":"https:\/\/sercovier.ca\/pepiniere\/wp-json\/wp\/v2\/media?parent=11"}],"curies":[{"name":"wp","href":"https:\/\/api.w.org\/{rel}","templated":true}]}}