{"id":113,"date":"2025-10-17T21:46:23","date_gmt":"2025-10-17T21:46:23","guid":{"rendered":"https:\/\/sercovier.ca\/pepiniere\/?page_id=113"},"modified":"2026-03-27T01:24:53","modified_gmt":"2026-03-27T01:24:53","slug":"contact","status":"publish","type":"page","link":"https:\/\/sercovier.ca\/pepiniere\/contact\/","title":{"rendered":"Contact"},"content":{"rendered":"<div style=\"font-family:'Roboto',sans-serif;color:#1C1C1C;line-height:1.75;margin:-30px -30px 0 -30px;padding:0\">\n<div style=\"position:relative;background:url('https:\/\/sercovier.ca\/pepiniere\/wp-content\/uploads\/2025\/12\/GreenhouseApril-13-scaled-1-1024x682.webp') center\/cover no-repeat;min-height:40vh;align-items:center;justify-content:center;text-align:center\">\n<div style=\"position:absolute\"><\/div>\n<h1 style=\"position:relative;z-index:2;font-family:'Pompiere',cursive;color:#FAF8F3;font-size:3rem;text-transform:uppercase;letter-spacing:2px\">Contactez-nous<\/h1>\n<\/div>\n<div style=\"background:#FAF8F3;padding:80px 5%\">\n<div style=\"max-width:1200px;margin:0 auto;grid-template-columns:1fr 1fr;gap:50px;align-items:start\">\n<div style=\"background:#F3E8D3;border-radius:12px;padding:40px\">\n<h2 style=\"font-family:'Pompiere',cursive;color:#5A3A1A;font-size:1.875rem\">Nos coordonn\u00e9es<\/h2>\n<div style=\"align-items:flex-start;gap:15px;margin-bottom:1.5em\">\n<span style=\"font-size:1.5rem;flex-shrink:0\">\ud83d\udccd<\/span><\/p>\n<div>\n<strong>Adresse<\/strong><br \/>\n8181 Rang Hince<br \/>\nSaint-R\u00e9mi-de-Tingwick, QC J0A 1K0<br \/>\nCanada\n<\/div>\n<\/div>\n<div style=\"align-items:flex-start;gap:15px;margin-bottom:1.5em\">\n<span style=\"font-size:1.5rem;flex-shrink:0\">\ud83d\udcde<\/span><\/p>\n<div>\n<strong>T\u00e9l\u00e9phone<\/strong><br \/>\n<a href=\"tel:8197959089\" style=\"color:#C6924B;text-decoration:none;font-weight:500\">819-795-9089<\/a>\n<\/div>\n<\/div>\n<div style=\"align-items:flex-start;gap:15px;margin-bottom:1.5em\">\n<span style=\"font-size:1.5rem;flex-shrink:0\">\u2709\ufe0f<\/span><\/p>\n<div>\n<strong>Courriel<\/strong><br \/>\n<a href=\"mailto:societesercovier@gmail.com\" style=\"color:#C6924B;text-decoration:none;font-weight:500\">societesercovier@gmail.com<\/a>\n<\/div>\n<\/div>\n<div style=\"align-items:flex-start;gap:15px;margin-bottom:1.5em\">\n<span style=\"font-size:1.5rem;flex-shrink:0\">\ud83d\udcd8<\/span><\/p>\n<div>\n<strong>Facebook<\/strong><br \/>\n<a href=\"https:\/\/www.facebook.com\/people\/%C3%89rabli%C3%A8re-Sercovier\/61567220903204\/\" target=\"_blank\" style=\"color:#C6924B;text-decoration:none;font-weight:500\">P\u00e9pini\u00e8re Sercovier<\/a>\n<\/div>\n<\/div>\n<div style=\"align-items:flex-start;gap:15px;margin-bottom:1.5em\">\n<span style=\"font-size:1.5rem;flex-shrink:0\">\ud83d\udd50<\/span><\/p>\n<div>\n<strong>Visites \u00e0 la p\u00e9pini\u00e8re<\/strong><br \/>\nSur rendez-vous seulement<br \/>\n<em>Communiquez avec nous pour planifier votre visite!<\/em>\n<\/div>\n<\/div>\n<\/div>\n<div style=\"background:#FAF8F3;border:2px solid #F3E8D3;border-radius:12px;padding:40px\">\n<h2 style=\"font-family:'Pompiere',cursive;color:#5A3A1A;font-size:1.875rem\">\u00c9crivez-nous<\/h2>\n<p>Vous avez un projet de reboisement ou des questions sur nos plants ? Remplissez le formulaire ci-dessous.<\/p>\n\n<div class=\"wpcf7 no-js\" id=\"wpcf7-f175-o1\" lang=\"en-US\" dir=\"ltr\" data-wpcf7-id=\"175\">\n<div class=\"screen-reader-response\"><p role=\"status\" aria-live=\"polite\" aria-atomic=\"true\"><\/p> <ul><\/ul><\/div>\n<form action=\"\/pepiniere\/wp-json\/wp\/v2\/pages\/113#wpcf7-f175-o1\" method=\"post\" class=\"wpcf7-form init\" aria-label=\"Contact form\" novalidate=\"novalidate\" data-status=\"init\">\n<fieldset class=\"hidden-fields-container\"><input type=\"hidden\" name=\"_wpcf7\" value=\"175\" \/><input type=\"hidden\" name=\"_wpcf7_version\" value=\"6.1.2\" \/><input type=\"hidden\" name=\"_wpcf7_locale\" value=\"en_US\" \/><input type=\"hidden\" name=\"_wpcf7_unit_tag\" value=\"wpcf7-f175-o1\" \/><input type=\"hidden\" name=\"_wpcf7_container_post\" value=\"0\" \/><input type=\"hidden\" name=\"_wpcf7_posted_data_hash\" value=\"\" \/>\n<\/fieldset>\n<p><label> Your name<br \/>\n<span class=\"wpcf7-form-control-wrap\" data-name=\"your-name\"><input size=\"40\" maxlength=\"400\" class=\"wpcf7-form-control wpcf7-text wpcf7-validates-as-required\" autocomplete=\"name\" aria-required=\"true\" aria-invalid=\"false\" value=\"\" type=\"text\" name=\"your-name\" \/><\/span> <\/label>\n<\/p>\n<p><label> Your email<br \/>\n<span class=\"wpcf7-form-control-wrap\" data-name=\"your-email\"><input size=\"40\" maxlength=\"400\" class=\"wpcf7-form-control wpcf7-email wpcf7-validates-as-required wpcf7-text wpcf7-validates-as-email\" autocomplete=\"email\" aria-required=\"true\" aria-invalid=\"false\" value=\"\" type=\"email\" name=\"your-email\" \/><\/span> <\/label>\n<\/p>\n<p><label> Subject<br \/>\n<span class=\"wpcf7-form-control-wrap\" data-name=\"your-subject\"><input size=\"40\" maxlength=\"400\" class=\"wpcf7-form-control wpcf7-text wpcf7-validates-as-required\" aria-required=\"true\" aria-invalid=\"false\" value=\"\" type=\"text\" name=\"your-subject\" \/><\/span> <\/label>\n<\/p>\n<p><label> Your message (optional)<br \/>\n<span class=\"wpcf7-form-control-wrap\" data-name=\"your-message\"><textarea cols=\"40\" rows=\"10\" maxlength=\"2000\" class=\"wpcf7-form-control wpcf7-textarea\" aria-invalid=\"false\" name=\"your-message\"><\/textarea><\/span> <\/label>\n<\/p>\n<p><input class=\"wpcf7-form-control wpcf7-submit has-spinner\" type=\"submit\" value=\"Submit\" \/>\n<\/p><div class=\"wpcf7-response-output\" aria-hidden=\"true\"><\/div>\n<\/form>\n<\/div>\n<\/div>\n<\/div>\n<\/div>\n<\/div>\n","protected":false},"excerpt":{"rendered":"<p>Contactez-nous Nos coordonn\u00e9es \ud83d\udccd Adresse 8181 Rang Hince Saint-R\u00e9mi-de-Tingwick, QC J0A 1K0 Canada \ud83d\udcde T\u00e9l\u00e9phone 819-795-9089 \u2709\ufe0f Courriel societesercovier@gmail.com \ud83d\udcd8 [&hellip;]<\/p>\n","protected":false},"author":1,"featured_media":0,"parent":0,"menu_order":5,"comment_status":"closed","ping_status":"closed","template":"","meta":{"site-sidebar-layout":"no-sidebar","site-content-layout":"","ast-site-content-layout":"full-width-container","site-content-style":"default","site-sidebar-style":"default","ast-global-header-display":"","ast-banner-title-visibility":"","ast-main-header-display":"","ast-hfb-above-header-display":"","ast-hfb-below-header-display":"","ast-hfb-mobile-header-display":"","site-post-title":"","ast-breadcrumbs-content":"","ast-featured-img":"disabled","footer-sml-layout":"","theme-transparent-header-meta":"","adv-header-id-meta":"","stick-header-meta":"","header-above-stick-meta":"","header-main-stick-meta":"","header-below-stick-meta":"","astra-migrate-meta-layouts":"default","ast-page-background-enabled":"default","ast-page-background-meta":{"desktop":{"background-color":"var(--ast-global-color-5)","background-image":"","background-repeat":"repeat","background-position":"center center","background-size":"auto","background-attachment":"scroll","background-type":"","background-media":"","overlay-type":"","overlay-color":"","overlay-opacity":"","overlay-gradient":""},"tablet":{"background-color":"","background-image":"","background-repeat":"repeat","background-position":"center center","background-size":"auto","background-attachment":"scroll","background-type":"","background-media":"","overlay-type":"","overlay-color":"","overlay-opacity":"","overlay-gradient":""},"mobile":{"background-color":"","background-image":"","background-repeat":"repeat","background-position":"center center","background-size":"auto","background-attachment":"scroll","background-type":"","background-media":"","overlay-type":"","overlay-color":"","overlay-opacity":"","overlay-gradient":""}},"ast-content-background-meta":{"desktop":{"background-color":"var(--ast-global-color-4)","background-image":"","background-repeat":"repeat","background-position":"center center","background-size":"auto","background-attachment":"scroll","background-type":"","background-media":"","overlay-type":"","overlay-color":"","overlay-opacity":"","overlay-gradient":""},"tablet":{"background-color":"var(--ast-global-color-4)","background-image":"","background-repeat":"repeat","background-position":"center center","background-size":"auto","background-attachment":"scroll","background-type":"","background-media":"","overlay-type":"","overlay-color":"","overlay-opacity":"","overlay-gradient":""},"mobile":{"background-color":"var(--ast-global-color-4)","background-image":"","background-repeat":"repeat","background-position":"center center","background-size":"auto","background-attachment":"scroll","background-type":"","background-media":"","overlay-type":"","overlay-color":"","overlay-opacity":"","overlay-gradient":""}},"footnotes":""},"class_list":["post-113","page","type-page","status-publish","hentry"],"_links":{"self":[{"href":"https:\/\/sercovier.ca\/pepiniere\/wp-json\/wp\/v2\/pages\/113","targetHints":{"allow":["GET"]}}],"collection":[{"href":"https:\/\/sercovier.ca\/pepiniere\/wp-json\/wp\/v2\/pages"}],"about":[{"href":"https:\/\/sercovier.ca\/pepiniere\/wp-json\/wp\/v2\/types\/page"}],"author":[{"embeddable":true,"href":"https:\/\/sercovier.ca\/pepiniere\/wp-json\/wp\/v2\/users\/1"}],"replies":[{"embeddable":true,"href":"https:\/\/sercovier.ca\/pepiniere\/wp-json\/wp\/v2\/comments?post=113"}],"version-history":[{"count":16,"href":"https:\/\/sercovier.ca\/pepiniere\/wp-json\/wp\/v2\/pages\/113\/revisions"}],"predecessor-version":[{"id":308,"href":"https:\/\/sercovier.ca\/pepiniere\/wp-json\/wp\/v2\/pages\/113\/revisions\/308"}],"wp:attachment":[{"href":"https:\/\/sercovier.ca\/pepiniere\/wp-json\/wp\/v2\/media?parent=113"}],"curies":[{"name":"wp","href":"https:\/\/api.w.org\/{rel}","templated":true}]}}