{"id":69,"date":"2025-10-17T17:32:29","date_gmt":"2025-10-17T17:32:29","guid":{"rendered":"https:\/\/sercovier.ca\/pepiniere\/?page_id=69"},"modified":"2026-03-27T02:08:06","modified_gmt":"2026-03-27T02:08:06","slug":"nos-produits","status":"publish","type":"page","link":"https:\/\/sercovier.ca\/pepiniere\/nos-produits\/","title":{"rendered":"Galerie"},"content":{"rendered":"\t\t<div data-elementor-type=\"wp-page\" data-elementor-id=\"69\" class=\"elementor elementor-69\" data-elementor-post-type=\"page\">\n\t\t\t\t<div class=\"elementor-element elementor-element-g01 e-flex e-con-boxed e-con e-parent\" data-id=\"g01\" data-element_type=\"container\" data-settings=\"{&quot;background_background&quot;:&quot;classic&quot;}\">\n\t\t\t\t\t<div class=\"e-con-inner\">\n\t\t\t\t<div class=\"elementor-element elementor-element-g02 elementor-widget elementor-widget-heading\" data-id=\"g02\" data-element_type=\"widget\" data-widget_type=\"heading.default\">\n\t\t\t\t\t<h2 class=\"elementor-heading-title elementor-size-default\">Notre Galerie<\/h2>\t\t\t\t<\/div>\n\t\t\t\t<div class=\"elementor-element elementor-element-g03 elementor-widget elementor-widget-heading\" data-id=\"g03\" data-element_type=\"widget\" data-widget_type=\"heading.default\">\n\t\t\t\t\t<p class=\"elementor-heading-title elementor-size-default\">Decouvrez notre pepiniere, nos serres et nos espaces verts<\/p>\t\t\t\t<\/div>\n\t\t\t\t\t<\/div>\n\t\t\t\t<\/div>\n\t\t<div class=\"elementor-element elementor-element-g10 e-con-full e-flex e-con e-parent\" data-id=\"g10\" data-element_type=\"container\">\n\t\t<div class=\"elementor-element elementor-element-g11 e-con-full over-hidden-img e-flex e-con e-child\" data-id=\"g11\" data-element_type=\"container\">\n\t\t\t\t<div class=\"elementor-element elementor-element-g12 elementor-widget elementor-widget-image\" data-id=\"g12\" data-element_type=\"widget\" data-widget_type=\"image.default\">\n\t\t\t\t\t\t\t\t\t\t\t\t\t\t\t\t<a href=\"#\">\n\t\t\t\t\t\t\t<img fetchpriority=\"high\" decoding=\"async\" width=\"1024\" height=\"682\" src=\"https:\/\/sercovier.ca\/pepiniere\/wp-content\/uploads\/2025\/12\/GreenhouseApril-13-scaled-1-1024x682.webp\" class=\"elementor-animation-grow attachment-large size-large wp-image-268\" alt=\"\" srcset=\"https:\/\/sercovier.ca\/pepiniere\/wp-content\/uploads\/2025\/12\/GreenhouseApril-13-scaled-1-1024x682.webp 1024w, https:\/\/sercovier.ca\/pepiniere\/wp-content\/uploads\/2025\/12\/GreenhouseApril-13-scaled-1-300x200.webp 300w, https:\/\/sercovier.ca\/pepiniere\/wp-content\/uploads\/2025\/12\/GreenhouseApril-13-scaled-1-768x512.webp 768w, https:\/\/sercovier.ca\/pepiniere\/wp-content\/uploads\/2025\/12\/GreenhouseApril-13-scaled-1-1536x1024.webp 1536w, https:\/\/sercovier.ca\/pepiniere\/wp-content\/uploads\/2025\/12\/GreenhouseApril-13-scaled-1-2048x1365.webp 2048w, https:\/\/sercovier.ca\/pepiniere\/wp-content\/uploads\/2025\/12\/GreenhouseApril-13-scaled-1-600x400.webp 600w\" sizes=\"(max-width: 1024px) 100vw, 1024px\" \/>\t\t\t\t\t\t\t\t<\/a>\n\t\t\t\t\t\t\t\t\t\t\t\t\t\t\t<\/div>\n\t\t\t\t<\/div>\n\t\t<div class=\"elementor-element elementor-element-g13 e-con-full over-hidden-img e-flex e-con e-child\" data-id=\"g13\" data-element_type=\"container\">\n\t\t\t\t<div class=\"elementor-element elementor-element-g14 elementor-widget elementor-widget-image\" data-id=\"g14\" data-element_type=\"widget\" data-widget_type=\"image.default\">\n\t\t\t\t\t\t\t\t\t\t\t\t\t\t\t\t<a href=\"#\">\n\t\t\t\t\t\t\t<img decoding=\"async\" width=\"1024\" height=\"684\" src=\"https:\/\/sercovier.ca\/pepiniere\/wp-content\/uploads\/2025\/12\/20239436-rows-of-young-trees-at-a-plant-nursery-in-montana-1024x684.jpg\" class=\"elementor-animation-grow attachment-large size-large wp-image-274\" alt=\"\" srcset=\"https:\/\/sercovier.ca\/pepiniere\/wp-content\/uploads\/2025\/12\/20239436-rows-of-young-trees-at-a-plant-nursery-in-montana-1024x684.jpg 1024w, https:\/\/sercovier.ca\/pepiniere\/wp-content\/uploads\/2025\/12\/20239436-rows-of-young-trees-at-a-plant-nursery-in-montana-300x200.jpg 300w, https:\/\/sercovier.ca\/pepiniere\/wp-content\/uploads\/2025\/12\/20239436-rows-of-young-trees-at-a-plant-nursery-in-montana-768x513.jpg 768w, https:\/\/sercovier.ca\/pepiniere\/wp-content\/uploads\/2025\/12\/20239436-rows-of-young-trees-at-a-plant-nursery-in-montana-600x401.jpg 600w, https:\/\/sercovier.ca\/pepiniere\/wp-content\/uploads\/2025\/12\/20239436-rows-of-young-trees-at-a-plant-nursery-in-montana.jpg 1300w\" sizes=\"(max-width: 1024px) 100vw, 1024px\" \/>\t\t\t\t\t\t\t\t<\/a>\n\t\t\t\t\t\t\t\t\t\t\t\t\t\t\t<\/div>\n\t\t\t\t<\/div>\n\t\t<div class=\"elementor-element elementor-element-g15 e-con-full over-hidden-img e-flex e-con e-child\" data-id=\"g15\" data-element_type=\"container\">\n\t\t\t\t<div class=\"elementor-element elementor-element-g16 elementor-widget elementor-widget-image\" data-id=\"g16\" data-element_type=\"widget\" data-widget_type=\"image.default\">\n\t\t\t\t\t\t\t\t\t\t\t\t\t\t\t\t<a href=\"#\">\n\t\t\t\t\t\t\t<img decoding=\"async\" width=\"454\" height=\"806\" src=\"https:\/\/sercovier.ca\/pepiniere\/wp-content\/uploads\/2025\/12\/pepiniere-hero-mobile-min.jpg\" class=\"elementor-animation-grow attachment-large size-large wp-image-267\" alt=\"\" srcset=\"https:\/\/sercovier.ca\/pepiniere\/wp-content\/uploads\/2025\/12\/pepiniere-hero-mobile-min.jpg 454w, https:\/\/sercovier.ca\/pepiniere\/wp-content\/uploads\/2025\/12\/pepiniere-hero-mobile-min-169x300.jpg 169w\" sizes=\"(max-width: 454px) 100vw, 454px\" \/>\t\t\t\t\t\t\t\t<\/a>\n\t\t\t\t\t\t\t\t\t\t\t\t\t\t\t<\/div>\n\t\t\t\t<\/div>\n\t\t\t\t<\/div>\n\t\t<div class=\"elementor-element elementor-element-g20 e-con-full e-flex e-con e-parent\" data-id=\"g20\" data-element_type=\"container\">\n\t\t<div class=\"elementor-element elementor-element-g21 e-con-full over-hidden-img e-flex e-con e-child\" data-id=\"g21\" data-element_type=\"container\">\n\t\t\t\t<div class=\"elementor-element elementor-element-g22 elementor-widget elementor-widget-image\" data-id=\"g22\" data-element_type=\"widget\" data-widget_type=\"image.default\">\n\t\t\t\t\t\t\t\t\t\t\t\t\t\t\t\t<a href=\"#\">\n\t\t\t\t\t\t\t<img decoding=\"async\" width=\"454\" height=\"806\" src=\"https:\/\/sercovier.ca\/pepiniere\/wp-content\/uploads\/2025\/12\/pepiniere-hero-mobile-min.jpg\" class=\"elementor-animation-grow attachment-large size-large wp-image-267\" alt=\"\" srcset=\"https:\/\/sercovier.ca\/pepiniere\/wp-content\/uploads\/2025\/12\/pepiniere-hero-mobile-min.jpg 454w, https:\/\/sercovier.ca\/pepiniere\/wp-content\/uploads\/2025\/12\/pepiniere-hero-mobile-min-169x300.jpg 169w\" sizes=\"(max-width: 454px) 100vw, 454px\" \/>\t\t\t\t\t\t\t\t<\/a>\n\t\t\t\t\t\t\t\t\t\t\t\t\t\t\t<\/div>\n\t\t\t\t<\/div>\n\t\t<div class=\"elementor-element elementor-element-g23 e-con-full over-hidden-img e-flex e-con e-child\" data-id=\"g23\" data-element_type=\"container\">\n\t\t\t\t<div class=\"elementor-element elementor-element-g24 elementor-widget elementor-widget-image\" data-id=\"g24\" data-element_type=\"widget\" data-widget_type=\"image.default\">\n\t\t\t\t\t\t\t\t\t\t\t\t\t\t\t\t<a href=\"#\">\n\t\t\t\t\t\t\t<img fetchpriority=\"high\" decoding=\"async\" width=\"1024\" height=\"682\" src=\"https:\/\/sercovier.ca\/pepiniere\/wp-content\/uploads\/2025\/12\/GreenhouseApril-13-scaled-1-1024x682.webp\" class=\"elementor-animation-grow attachment-large size-large wp-image-268\" alt=\"\" srcset=\"https:\/\/sercovier.ca\/pepiniere\/wp-content\/uploads\/2025\/12\/GreenhouseApril-13-scaled-1-1024x682.webp 1024w, https:\/\/sercovier.ca\/pepiniere\/wp-content\/uploads\/2025\/12\/GreenhouseApril-13-scaled-1-300x200.webp 300w, https:\/\/sercovier.ca\/pepiniere\/wp-content\/uploads\/2025\/12\/GreenhouseApril-13-scaled-1-768x512.webp 768w, https:\/\/sercovier.ca\/pepiniere\/wp-content\/uploads\/2025\/12\/GreenhouseApril-13-scaled-1-1536x1024.webp 1536w, https:\/\/sercovier.ca\/pepiniere\/wp-content\/uploads\/2025\/12\/GreenhouseApril-13-scaled-1-2048x1365.webp 2048w, https:\/\/sercovier.ca\/pepiniere\/wp-content\/uploads\/2025\/12\/GreenhouseApril-13-scaled-1-600x400.webp 600w\" sizes=\"(max-width: 1024px) 100vw, 1024px\" \/>\t\t\t\t\t\t\t\t<\/a>\n\t\t\t\t\t\t\t\t\t\t\t\t\t\t\t<\/div>\n\t\t\t\t<\/div>\n\t\t<div class=\"elementor-element elementor-element-g25 e-con-full over-hidden-img e-flex e-con e-child\" data-id=\"g25\" data-element_type=\"container\">\n\t\t\t\t<div class=\"elementor-element elementor-element-g26 elementor-widget elementor-widget-image\" data-id=\"g26\" data-element_type=\"widget\" data-widget_type=\"image.default\">\n\t\t\t\t\t\t\t\t\t\t\t\t\t\t\t\t<a href=\"#\">\n\t\t\t\t\t\t\t<img decoding=\"async\" width=\"1024\" height=\"684\" src=\"https:\/\/sercovier.ca\/pepiniere\/wp-content\/uploads\/2025\/12\/20239436-rows-of-young-trees-at-a-plant-nursery-in-montana-1024x684.jpg\" class=\"elementor-animation-grow attachment-large size-large wp-image-274\" alt=\"\" srcset=\"https:\/\/sercovier.ca\/pepiniere\/wp-content\/uploads\/2025\/12\/20239436-rows-of-young-trees-at-a-plant-nursery-in-montana-1024x684.jpg 1024w, https:\/\/sercovier.ca\/pepiniere\/wp-content\/uploads\/2025\/12\/20239436-rows-of-young-trees-at-a-plant-nursery-in-montana-300x200.jpg 300w, https:\/\/sercovier.ca\/pepiniere\/wp-content\/uploads\/2025\/12\/20239436-rows-of-young-trees-at-a-plant-nursery-in-montana-768x513.jpg 768w, https:\/\/sercovier.ca\/pepiniere\/wp-content\/uploads\/2025\/12\/20239436-rows-of-young-trees-at-a-plant-nursery-in-montana-600x401.jpg 600w, https:\/\/sercovier.ca\/pepiniere\/wp-content\/uploads\/2025\/12\/20239436-rows-of-young-trees-at-a-plant-nursery-in-montana.jpg 1300w\" sizes=\"(max-width: 1024px) 100vw, 1024px\" \/>\t\t\t\t\t\t\t\t<\/a>\n\t\t\t\t\t\t\t\t\t\t\t\t\t\t\t<\/div>\n\t\t\t\t<\/div>\n\t\t\t\t<\/div>\n\t\t<div class=\"elementor-element elementor-element-g40 e-flex e-con-boxed e-con e-parent\" data-id=\"g40\" data-element_type=\"container\" data-settings=\"{&quot;background_background&quot;:&quot;classic&quot;}\">\n\t\t\t\t\t<div class=\"e-con-inner\">\n\t\t\t\t<div class=\"elementor-element elementor-element-g41 elementor-widget elementor-widget-heading\" data-id=\"g41\" data-element_type=\"widget\" data-widget_type=\"heading.default\">\n\t\t\t\t\t<h2 class=\"elementor-heading-title elementor-size-default\">Pepiniere Sercovier<\/h2>\t\t\t\t<\/div>\n\t\t\t\t<div class=\"elementor-element elementor-element-g42 elementor-widget elementor-widget-heading\" data-id=\"g42\" data-element_type=\"widget\" data-widget_type=\"heading.default\">\n\t\t\t\t\t<p class=\"elementor-heading-title elementor-size-default\">Cultiver la biodiversite, un plant a la fois.<\/p>\t\t\t\t<\/div>\n\t\t\t\t<div class=\"elementor-element elementor-element-g43 elementor-align-center elementor-widget elementor-widget-button\" data-id=\"g43\" data-element_type=\"widget\" data-widget_type=\"button.default\">\n\t\t\t\t\t\t\t\t\t\t<a class=\"elementor-button elementor-button-link elementor-size-sm\" href=\"\/pepiniere\/contact\/\">\n\t\t\t\t\t\t<span class=\"elementor-button-content-wrapper\">\n\t\t\t\t\t\t\t\t\t<span class=\"elementor-button-text\">Contactez-nous<\/span>\n\t\t\t\t\t<\/span>\n\t\t\t\t\t<\/a>\n\t\t\t\t\t\t\t\t<\/div>\n\t\t\t\t\t<\/div>\n\t\t\t\t<\/div>\n\t\t\t\t<\/div>\n\t\t","protected":false},"excerpt":{"rendered":"<p>Galerie La p\u00e9pini\u00e8re au fil des saisons D\u00e9couvrez notre p\u00e9pini\u00e8re arboricole, nos serres, nos plants forestiers et nos installations \u00e0 [&hellip;]<\/p>\n","protected":false},"author":1,"featured_media":0,"parent":0,"menu_order":3,"comment_status":"closed","ping_status":"closed","template":"","meta":{"site-sidebar-layout":"no-sidebar","site-content-layout":"","ast-site-content-layout":"full-width-container","site-content-style":"default","site-sidebar-style":"default","ast-global-header-display":"","ast-banner-title-visibility":"","ast-main-header-display":"","ast-hfb-above-header-display":"","ast-hfb-below-header-display":"","ast-hfb-mobile-header-display":"","site-post-title":"","ast-breadcrumbs-content":"","ast-featured-img":"disabled","footer-sml-layout":"","theme-transparent-header-meta":"","adv-header-id-meta":"","stick-header-meta":"","header-above-stick-meta":"","header-main-stick-meta":"","header-below-stick-meta":"","astra-migrate-meta-layouts":"default","ast-page-background-enabled":"default","ast-page-background-meta":{"desktop":{"background-color":"var(--ast-global-color-5)","background-image":"","background-repeat":"repeat","background-position":"center center","background-size":"auto","background-attachment":"scroll","background-type":"","background-media":"","overlay-type":"","overlay-color":"","overlay-opacity":"","overlay-gradient":""},"tablet":{"background-color":"","background-image":"","background-repeat":"repeat","background-position":"center center","background-size":"auto","background-attachment":"scroll","background-type":"","background-media":"","overlay-type":"","overlay-color":"","overlay-opacity":"","overlay-gradient":""},"mobile":{"background-color":"","background-image":"","background-repeat":"repeat","background-position":"center center","background-size":"auto","background-attachment":"scroll","background-type":"","background-media":"","overlay-type":"","overlay-color":"","overlay-opacity":"","overlay-gradient":""}},"ast-content-background-meta":{"desktop":{"background-color":"var(--ast-global-color-4)","background-image":"","background-repeat":"repeat","background-position":"center center","background-size":"auto","background-attachment":"scroll","background-type":"","background-media":"","overlay-type":"","overlay-color":"","overlay-opacity":"","overlay-gradient":""},"tablet":{"background-color":"var(--ast-global-color-4)","background-image":"","background-repeat":"repeat","background-position":"center center","background-size":"auto","background-attachment":"scroll","background-type":"","background-media":"","overlay-type":"","overlay-color":"","overlay-opacity":"","overlay-gradient":""},"mobile":{"background-color":"var(--ast-global-color-4)","background-image":"","background-repeat":"repeat","background-position":"center center","background-size":"auto","background-attachment":"scroll","background-type":"","background-media":"","overlay-type":"","overlay-color":"","overlay-opacity":"","overlay-gradient":""}},"footnotes":""},"class_list":["post-69","page","type-page","status-publish","hentry"],"_links":{"self":[{"href":"https:\/\/sercovier.ca\/pepiniere\/wp-json\/wp\/v2\/pages\/69","targetHints":{"allow":["GET"]}}],"collection":[{"href":"https:\/\/sercovier.ca\/pepiniere\/wp-json\/wp\/v2\/pages"}],"about":[{"href":"https:\/\/sercovier.ca\/pepiniere\/wp-json\/wp\/v2\/types\/page"}],"author":[{"embeddable":true,"href":"https:\/\/sercovier.ca\/pepiniere\/wp-json\/wp\/v2\/users\/1"}],"replies":[{"embeddable":true,"href":"https:\/\/sercovier.ca\/pepiniere\/wp-json\/wp\/v2\/comments?post=69"}],"version-history":[{"count":37,"href":"https:\/\/sercovier.ca\/pepiniere\/wp-json\/wp\/v2\/pages\/69\/revisions"}],"predecessor-version":[{"id":322,"href":"https:\/\/sercovier.ca\/pepiniere\/wp-json\/wp\/v2\/pages\/69\/revisions\/322"}],"wp:attachment":[{"href":"https:\/\/sercovier.ca\/pepiniere\/wp-json\/wp\/v2\/media?parent=69"}],"curies":[{"name":"wp","href":"https:\/\/api.w.org\/{rel}","templated":true}]}}